{"id":1876,"date":"2023-11-17T09:41:18","date_gmt":"2023-11-17T09:41:18","guid":{"rendered":"https:\/\/palaciodapena-sintra.com\/?page_id=1876"},"modified":"2024-04-08T16:33:28","modified_gmt":"2024-04-08T15:33:28","slug":"bilhetes-de-grupo","status":"publish","type":"page","link":"https:\/\/palaciodapena-sintra.com\/pt\/group-tickets\/","title":{"rendered":"Ingressos de Grupo"},"content":{"rendered":"<div data-elementor-type=\"wp-page\" data-elementor-id=\"1876\" class=\"elementor elementor-1876\">\n\t\t\t\t\t\t<section class=\"elementor-section elementor-top-section elementor-element elementor-element-538e9882 elementor-hidden-desktop elementor-section-boxed elementor-section-height-default elementor-section-height-default\" data-id=\"538e9882\" data-element_type=\"section\" data-e-type=\"section\">\n\t\t\t\t\t\t<div class=\"elementor-container elementor-column-gap-default\">\n\t\t\t\t\t<div class=\"elementor-column elementor-col-100 elementor-top-column elementor-element elementor-element-11dd80e5\" data-id=\"11dd80e5\" data-element_type=\"column\" data-e-type=\"column\">\n\t\t\t<div class=\"elementor-widget-wrap elementor-element-populated\">\n\t\t\t\t\t\t<div class=\"elementor-element elementor-element-6c238e6c elementor-widget elementor-widget-spacer\" data-id=\"6c238e6c\" data-element_type=\"widget\" data-e-type=\"widget\" data-widget_type=\"spacer.default\">\n\t\t\t\t<div class=\"elementor-widget-container\">\n\t\t\t\t\t\t\t<div class=\"elementor-spacer\">\n\t\t\t<div class=\"elementor-spacer-inner\"><\/div>\n\t\t<\/div>\n\t\t\t\t\t\t<\/div>\n\t\t\t\t<\/div>\n\t\t\t\t\t<\/div>\n\t\t<\/div>\n\t\t\t\t\t<\/div>\n\t\t<\/section>\n\t\t\t\t<section class=\"elementor-section elementor-top-section elementor-element elementor-element-6c37cd67 elementor-section-full_width elementor-section-height-default elementor-section-height-default\" data-id=\"6c37cd67\" data-element_type=\"section\" data-e-type=\"section\" data-settings=\"{&quot;background_background&quot;:&quot;classic&quot;}\">\n\t\t\t\t\t\t<div class=\"elementor-container elementor-column-gap-default\">\n\t\t\t\t\t<div class=\"elementor-column elementor-col-100 elementor-top-column elementor-element elementor-element-73235783\" data-id=\"73235783\" data-element_type=\"column\" data-e-type=\"column\">\n\t\t\t<div class=\"elementor-widget-wrap elementor-element-populated\">\n\t\t\t\t\t\t<div class=\"elementor-element elementor-element-368ad4aa elementor-widget elementor-widget-heading\" data-id=\"368ad4aa\" data-element_type=\"widget\" data-e-type=\"widget\" data-widget_type=\"heading.default\">\n\t\t\t\t<div class=\"elementor-widget-container\">\n\t\t\t\t\t<h2 class=\"elementor-heading-title elementor-size-default\">Ingressos de Grupo<\/h2>\t\t\t\t<\/div>\n\t\t\t\t<\/div>\n\t\t\t\t\t<\/div>\n\t\t<\/div>\n\t\t\t\t\t<\/div>\n\t\t<\/section>\n\t\t\t\t<section class=\"elementor-section elementor-top-section elementor-element elementor-element-71606f23 elementor-section-boxed elementor-section-height-default elementor-section-height-default\" data-id=\"71606f23\" data-element_type=\"section\" data-e-type=\"section\">\n\t\t\t\t\t\t<div class=\"elementor-container elementor-column-gap-default\">\n\t\t\t\t\t<div class=\"elementor-column elementor-col-100 elementor-top-column elementor-element elementor-element-4ea9b4d5\" data-id=\"4ea9b4d5\" data-element_type=\"column\" data-e-type=\"column\">\n\t\t\t<div class=\"elementor-widget-wrap elementor-element-populated\">\n\t\t\t\t\t\t<div class=\"elementor-element elementor-element-17d3d30e elementor-hidden-tablet elementor-hidden-mobile elementor-widget elementor-widget-spacer\" data-id=\"17d3d30e\" data-element_type=\"widget\" data-e-type=\"widget\" data-widget_type=\"spacer.default\">\n\t\t\t\t<div class=\"elementor-widget-container\">\n\t\t\t\t\t\t\t<div class=\"elementor-spacer\">\n\t\t\t<div class=\"elementor-spacer-inner\"><\/div>\n\t\t<\/div>\n\t\t\t\t\t\t<\/div>\n\t\t\t\t<\/div>\n\t\t\t\t\t<\/div>\n\t\t<\/div>\n\t\t\t\t\t<\/div>\n\t\t<\/section>\n\t\t\t\t<section class=\"elementor-section elementor-top-section elementor-element elementor-element-79601581 elementor-section-boxed elementor-section-height-default elementor-section-height-default\" data-id=\"79601581\" data-element_type=\"section\" data-e-type=\"section\">\n\t\t\t\t\t\t<div class=\"elementor-container elementor-column-gap-default\">\n\t\t\t\t\t<div class=\"elementor-column elementor-col-100 elementor-top-column elementor-element elementor-element-2159e460\" data-id=\"2159e460\" data-element_type=\"column\" data-e-type=\"column\">\n\t\t\t<div class=\"elementor-widget-wrap elementor-element-populated\">\n\t\t\t\t\t\t<section class=\"elementor-section elementor-inner-section elementor-element elementor-element-777b710f elementor-section-boxed elementor-section-height-default elementor-section-height-default\" data-id=\"777b710f\" data-element_type=\"section\" data-e-type=\"section\">\n\t\t\t\t\t\t<div class=\"elementor-container elementor-column-gap-custom\">\n\t\t\t\t\t<div class=\"elementor-column elementor-col-50 elementor-inner-column elementor-element elementor-element-187840a0\" data-id=\"187840a0\" data-element_type=\"column\" data-e-type=\"column\">\n\t\t\t<div class=\"elementor-widget-wrap elementor-element-populated\">\n\t\t\t\t\t\t<div class=\"elementor-element elementor-element-60fae689 elementor-widget elementor-widget-text-editor\" data-id=\"60fae689\" data-element_type=\"widget\" data-e-type=\"widget\" data-widget_type=\"text-editor.default\">\n\t\t\t\t<div class=\"elementor-widget-container\">\n\t\t\t\t\t\t\t\t\t<ul>\n<li>S\u00e3o uma equipa, <strong>grupo escolar<\/strong>, numa <strong>viagem de neg\u00f3cios<\/strong>, ou qualquer outro tipo de grupo?\n<\/li>\n<li>Precisa de bilhetes para <strong>mais de 18 pessoas<\/strong>?\n<\/li>\n<li>Quer ter certeza de que&nbsp;<strong>todo o grupo pode fazer a visita no mesmo dia e hora<\/strong>?<\/li>\n<\/ul>\t\t\t\t\t\t\t\t<\/div>\n\t\t\t\t<\/div>\n\t\t\t\t\t<\/div>\n\t\t<\/div>\n\t\t\t\t<div class=\"elementor-column elementor-col-50 elementor-inner-column elementor-element elementor-element-7d7962ea\" data-id=\"7d7962ea\" data-element_type=\"column\" data-e-type=\"column\">\n\t\t\t<div class=\"elementor-widget-wrap elementor-element-populated\">\n\t\t\t\t\t\t<div class=\"elementor-element elementor-element-1560c752 elementor-align-center elementor-widget elementor-widget-button\" data-id=\"1560c752\" data-element_type=\"widget\" data-e-type=\"widget\" data-widget_type=\"button.default\">\n\t\t\t\t<div class=\"elementor-widget-container\">\n\t\t\t\t\t\t\t\t\t<div class=\"elementor-button-wrapper\">\n\t\t\t\t\t<a class=\"elementor-button elementor-button-link elementor-size-xs\" href=\"https:\/\/groupsightseeing.com\/pt\/sintra\/bilhetes-para-parque-e-palacio-nacional-da-pena-p975019?p=palaciodapenagroup\" target=\"_blank\">\n\t\t\t\t\t\t<span class=\"elementor-button-content-wrapper\">\n\t\t\t\t\t\t<span class=\"elementor-button-icon\">\n\t\t\t\t<i aria-hidden=\"true\" class=\"fas fa-shopping-cart\"><\/i>\t\t\t<\/span>\n\t\t\t\t\t\t\t\t\t<span class=\"elementor-button-text\">Fa\u00e7a aqui o seu pedido de grupo!<\/span>\n\t\t\t\t\t<\/span>\n\t\t\t\t\t<\/a>\n\t\t\t\t<\/div>\n\t\t\t\t\t\t\t\t<\/div>\n\t\t\t\t<\/div>\n\t\t\t\t\t<\/div>\n\t\t<\/div>\n\t\t\t\t\t<\/div>\n\t\t<\/section>\n\t\t\t\t\t<\/div>\n\t\t<\/div>\n\t\t\t\t\t<\/div>\n\t\t<\/section>\n\t\t\t\t<section class=\"elementor-section elementor-top-section elementor-element elementor-element-547fa0be elementor-section-boxed elementor-section-height-default elementor-section-height-default\" data-id=\"547fa0be\" data-element_type=\"section\" data-e-type=\"section\">\n\t\t\t\t\t\t<div class=\"elementor-container elementor-column-gap-default\">\n\t\t\t\t\t<div class=\"elementor-column elementor-col-100 elementor-top-column elementor-element elementor-element-17558daf\" data-id=\"17558daf\" data-element_type=\"column\" data-e-type=\"column\">\n\t\t\t<div class=\"elementor-widget-wrap elementor-element-populated\">\n\t\t\t\t\t\t<div class=\"elementor-element elementor-element-5ff73943 elementor-widget elementor-widget-image\" data-id=\"5ff73943\" data-element_type=\"widget\" data-e-type=\"widget\" data-widget_type=\"image.default\">\n\t\t\t\t<div class=\"elementor-widget-container\">\n\t\t\t\t\t\t\t\t\t\t\t\t\t\t\t<img fetchpriority=\"high\" decoding=\"async\" width=\"750\" height=\"422\" src=\"https:\/\/palaciodapena-sintra.com\/wp-content\/uploads\/2023\/05\/Park-and-Pena-Palace-768x432.png\" class=\"attachment-medium_large size-medium_large wp-image-1312\" alt=\"Ingressos para grupos Parque e Pal\u00e1cio da Pena\" srcset=\"https:\/\/palaciodapena-sintra.com\/wp-content\/uploads\/2023\/05\/Park-and-Pena-Palace-768x432.png 768w, https:\/\/palaciodapena-sintra.com\/wp-content\/uploads\/2023\/05\/Park-and-Pena-Palace-300x169.png 300w, https:\/\/palaciodapena-sintra.com\/wp-content\/uploads\/2023\/05\/Park-and-Pena-Palace-1024x576.png 1024w, https:\/\/palaciodapena-sintra.com\/wp-content\/uploads\/2023\/05\/Park-and-Pena-Palace-18x10.png 18w, https:\/\/palaciodapena-sintra.com\/wp-content\/uploads\/2023\/05\/Park-and-Pena-Palace.png 1366w\" sizes=\"(max-width: 750px) 100vw, 750px\" \/>\t\t\t\t\t\t\t\t\t\t\t\t\t\t\t<\/div>\n\t\t\t\t<\/div>\n\t\t\t\t<div class=\"elementor-element elementor-element-632a4aef elementor-widget elementor-widget-spacer\" data-id=\"632a4aef\" data-element_type=\"widget\" data-e-type=\"widget\" data-widget_type=\"spacer.default\">\n\t\t\t\t<div class=\"elementor-widget-container\">\n\t\t\t\t\t\t\t<div class=\"elementor-spacer\">\n\t\t\t<div class=\"elementor-spacer-inner\"><\/div>\n\t\t<\/div>\n\t\t\t\t\t\t<\/div>\n\t\t\t\t<\/div>\n\t\t\t\t\t<\/div>\n\t\t<\/div>\n\t\t\t\t\t<\/div>\n\t\t<\/section>\n\t\t\t\t<\/div>","protected":false},"excerpt":{"rendered":"<p>Bilhetes para grupos \u00c9 uma equipa, um grupo escolar, uma viagem de neg\u00f3cios ou qualquer outro tipo de grupo? Precisa de bilhetes para mais de 18 pessoas? Quer ter a certeza de que todo o grupo pode fazer a visita no mesmo dia e hora? Fa\u00e7a o seu pedido de grupo aqui!<\/p>","protected":false},"author":1,"featured_media":1312,"parent":0,"menu_order":0,"comment_status":"closed","ping_status":"closed","template":"page-templates\/template-pagebuilder-full-width.php","meta":{"footnotes":""},"class_list":["post-1876","page","type-page","status-publish","has-post-thumbnail","hentry"],"yoast_head":"<!-- This site is optimized with the Yoast SEO plugin v27.2 - https:\/\/yoast.com\/product\/yoast-seo-wordpress\/ -->\n<title>Group Tickets - Pal\u00e1cio da Pena Sintra<\/title>\n<meta name=\"description\" content=\"Are you a team, school group, or on a business trip and need Park and Pena Palace tickets for everyone? Then get your group tickets here!\" \/>\n<meta name=\"robots\" content=\"index, follow, max-snippet:-1, max-image-preview:large, max-video-preview:-1\" \/>\n<link rel=\"canonical\" href=\"https:\/\/palaciodapena-sintra.com\/pt\/bilhetes-de-grupo\/\" \/>\n<meta property=\"og:locale\" content=\"pt_PT\" \/>\n<meta property=\"og:type\" content=\"article\" \/>\n<meta property=\"og:title\" content=\"Group Tickets - Pal\u00e1cio da Pena Sintra\" \/>\n<meta property=\"og:description\" content=\"Are you a team, school group, or on a business trip and need Park and Pena Palace tickets for everyone? Then get your group tickets here!\" \/>\n<meta property=\"og:url\" content=\"https:\/\/palaciodapena-sintra.com\/pt\/bilhetes-de-grupo\/\" \/>\n<meta property=\"og:site_name\" content=\"Pal\u00e1cio da Pena Sintra\" \/>\n<meta property=\"article:modified_time\" content=\"2024-04-08T15:33:28+00:00\" \/>\n<meta property=\"og:image\" content=\"https:\/\/palaciodapena-sintra.com\/wp-content\/uploads\/2023\/05\/Park-and-Pena-Palace-1024x576.png\" \/>\n\t<meta property=\"og:image:width\" content=\"1024\" \/>\n\t<meta property=\"og:image:height\" content=\"576\" \/>\n\t<meta property=\"og:image:type\" content=\"image\/png\" \/>\n<meta name=\"twitter:card\" content=\"summary_large_image\" \/>\n<meta name=\"twitter:label1\" content=\"Tempo estimado de leitura\" \/>\n\t<meta name=\"twitter:data1\" content=\"1 minuto\" \/>\n<script type=\"application\/ld+json\" class=\"yoast-schema-graph\">{\"@context\":\"https:\/\/schema.org\",\"@graph\":[{\"@type\":\"WebPage\",\"@id\":\"https:\/\/palaciodapena-sintra.com\/group-tickets\/\",\"url\":\"https:\/\/palaciodapena-sintra.com\/group-tickets\/\",\"name\":\"Group Tickets - Pal\u00e1cio da Pena Sintra\",\"isPartOf\":{\"@id\":\"https:\/\/palaciodapena-sintra.com\/#website\"},\"primaryImageOfPage\":{\"@id\":\"https:\/\/palaciodapena-sintra.com\/group-tickets\/#primaryimage\"},\"image\":{\"@id\":\"https:\/\/palaciodapena-sintra.com\/group-tickets\/#primaryimage\"},\"thumbnailUrl\":\"https:\/\/palaciodapena-sintra.com\/wp-content\/uploads\/2023\/05\/Park-and-Pena-Palace.png\",\"datePublished\":\"2023-11-17T09:41:18+00:00\",\"dateModified\":\"2024-04-08T15:33:28+00:00\",\"description\":\"Are you a team, school group, or on a business trip and need Park and Pena Palace tickets for everyone? Then get your group tickets here!\",\"breadcrumb\":{\"@id\":\"https:\/\/palaciodapena-sintra.com\/group-tickets\/#breadcrumb\"},\"inLanguage\":\"pt-PT\",\"potentialAction\":[{\"@type\":\"ReadAction\",\"target\":[\"https:\/\/palaciodapena-sintra.com\/group-tickets\/\"]}]},{\"@type\":\"ImageObject\",\"inLanguage\":\"pt-PT\",\"@id\":\"https:\/\/palaciodapena-sintra.com\/group-tickets\/#primaryimage\",\"url\":\"https:\/\/palaciodapena-sintra.com\/wp-content\/uploads\/2023\/05\/Park-and-Pena-Palace.png\",\"contentUrl\":\"https:\/\/palaciodapena-sintra.com\/wp-content\/uploads\/2023\/05\/Park-and-Pena-Palace.png\",\"width\":1366,\"height\":768,\"caption\":\"Park and Pena Palace Group Tickets\"},{\"@type\":\"BreadcrumbList\",\"@id\":\"https:\/\/palaciodapena-sintra.com\/group-tickets\/#breadcrumb\",\"itemListElement\":[{\"@type\":\"ListItem\",\"position\":1,\"name\":\"Home\",\"item\":\"https:\/\/palaciodapena-sintra.com\/\"},{\"@type\":\"ListItem\",\"position\":2,\"name\":\"Group Tickets\"}]},{\"@type\":\"WebSite\",\"@id\":\"https:\/\/palaciodapena-sintra.com\/#website\",\"url\":\"https:\/\/palaciodapena-sintra.com\/\",\"name\":\"Pal\u00e1cio da Pena Sintra\",\"description\":\"\",\"publisher\":{\"@id\":\"https:\/\/palaciodapena-sintra.com\/#organization\"},\"potentialAction\":[{\"@type\":\"SearchAction\",\"target\":{\"@type\":\"EntryPoint\",\"urlTemplate\":\"https:\/\/palaciodapena-sintra.com\/?s={search_term_string}\"},\"query-input\":{\"@type\":\"PropertyValueSpecification\",\"valueRequired\":true,\"valueName\":\"search_term_string\"}}],\"inLanguage\":\"pt-PT\"},{\"@type\":\"Organization\",\"@id\":\"https:\/\/palaciodapena-sintra.com\/#organization\",\"name\":\"Palacio da Pena Tickets\",\"url\":\"https:\/\/palaciodapena-sintra.com\/\",\"logo\":{\"@type\":\"ImageObject\",\"inLanguage\":\"pt-PT\",\"@id\":\"https:\/\/palaciodapena-sintra.com\/#\/schema\/logo\/image\/\",\"url\":\"https:\/\/palaciodapena-sintra.com\/wp-content\/uploads\/2024\/07\/cropped-Palacio-da-Pena-Website-Logo.png\",\"contentUrl\":\"https:\/\/palaciodapena-sintra.com\/wp-content\/uploads\/2024\/07\/cropped-Palacio-da-Pena-Website-Logo.png\",\"width\":1199,\"height\":800,\"caption\":\"Palacio da Pena Tickets\"},\"image\":{\"@id\":\"https:\/\/palaciodapena-sintra.com\/#\/schema\/logo\/image\/\"}}]}<\/script>\n<!-- \/ Yoast SEO plugin. -->","yoast_head_json":{"title":"Bilhetes de Grupo - Pal\u00e1cio da Pena Sintra","description":"Voc\u00ea \u00e9 um time, grupo escolar ou est\u00e1 em viagem de neg\u00f3cios e precisa de ingressos para o Parque e o Pal\u00e1cio da Pena para todos? Ent\u00e3o compre seus ingressos de grupo aqui!","robots":{"index":"index","follow":"follow","max-snippet":"max-snippet:-1","max-image-preview":"max-image-preview:large","max-video-preview":"max-video-preview:-1"},"canonical":"https:\/\/palaciodapena-sintra.com\/pt\/bilhetes-de-grupo\/","og_locale":"pt_PT","og_type":"article","og_title":"Group Tickets - Pal\u00e1cio da Pena Sintra","og_description":"Are you a team, school group, or on a business trip and need Park and Pena Palace tickets for everyone? Then get your group tickets here!","og_url":"https:\/\/palaciodapena-sintra.com\/pt\/bilhetes-de-grupo\/","og_site_name":"Pal\u00e1cio da Pena Sintra","article_modified_time":"2024-04-08T15:33:28+00:00","og_image":[{"width":1024,"height":576,"url":"https:\/\/palaciodapena-sintra.com\/wp-content\/uploads\/2023\/05\/Park-and-Pena-Palace-1024x576.png","type":"image\/png"}],"twitter_card":"summary_large_image","twitter_misc":{"Tempo estimado de leitura":"1 minuto"},"schema":{"@context":"https:\/\/schema.org","@graph":[{"@type":"WebPage","@id":"https:\/\/palaciodapena-sintra.com\/group-tickets\/","url":"https:\/\/palaciodapena-sintra.com\/group-tickets\/","name":"Bilhetes de Grupo - Pal\u00e1cio da Pena Sintra","isPartOf":{"@id":"https:\/\/palaciodapena-sintra.com\/#website"},"primaryImageOfPage":{"@id":"https:\/\/palaciodapena-sintra.com\/group-tickets\/#primaryimage"},"image":{"@id":"https:\/\/palaciodapena-sintra.com\/group-tickets\/#primaryimage"},"thumbnailUrl":"https:\/\/palaciodapena-sintra.com\/wp-content\/uploads\/2023\/05\/Park-and-Pena-Palace.png","datePublished":"2023-11-17T09:41:18+00:00","dateModified":"2024-04-08T15:33:28+00:00","description":"Voc\u00ea \u00e9 um time, grupo escolar ou est\u00e1 em viagem de neg\u00f3cios e precisa de ingressos para o Parque e o Pal\u00e1cio da Pena para todos? Ent\u00e3o compre seus ingressos de grupo aqui!","breadcrumb":{"@id":"https:\/\/palaciodapena-sintra.com\/group-tickets\/#breadcrumb"},"inLanguage":"pt-PT","potentialAction":[{"@type":"ReadAction","target":["https:\/\/palaciodapena-sintra.com\/group-tickets\/"]}]},{"@type":"ImageObject","inLanguage":"pt-PT","@id":"https:\/\/palaciodapena-sintra.com\/group-tickets\/#primaryimage","url":"https:\/\/palaciodapena-sintra.com\/wp-content\/uploads\/2023\/05\/Park-and-Pena-Palace.png","contentUrl":"https:\/\/palaciodapena-sintra.com\/wp-content\/uploads\/2023\/05\/Park-and-Pena-Palace.png","width":1366,"height":768,"caption":"Park and Pena Palace Group Tickets"},{"@type":"BreadcrumbList","@id":"https:\/\/palaciodapena-sintra.com\/group-tickets\/#breadcrumb","itemListElement":[{"@type":"ListItem","position":1,"name":"Home","item":"https:\/\/palaciodapena-sintra.com\/"},{"@type":"ListItem","position":2,"name":"Group Tickets"}]},{"@type":"WebSite","@id":"https:\/\/palaciodapena-sintra.com\/#website","url":"https:\/\/palaciodapena-sintra.com\/","name":"Pal\u00e1cio da Pena Sintra","description":"","publisher":{"@id":"https:\/\/palaciodapena-sintra.com\/#organization"},"potentialAction":[{"@type":"SearchAction","target":{"@type":"EntryPoint","urlTemplate":"https:\/\/palaciodapena-sintra.com\/?s={search_term_string}"},"query-input":{"@type":"PropertyValueSpecification","valueRequired":true,"valueName":"search_term_string"}}],"inLanguage":"pt-PT"},{"@type":"Organization","@id":"https:\/\/palaciodapena-sintra.com\/#organization","name":"Ingressos Pal\u00e1cio da Pena","url":"https:\/\/palaciodapena-sintra.com\/","logo":{"@type":"ImageObject","inLanguage":"pt-PT","@id":"https:\/\/palaciodapena-sintra.com\/#\/schema\/logo\/image\/","url":"https:\/\/palaciodapena-sintra.com\/wp-content\/uploads\/2024\/07\/cropped-Palacio-da-Pena-Website-Logo.png","contentUrl":"https:\/\/palaciodapena-sintra.com\/wp-content\/uploads\/2024\/07\/cropped-Palacio-da-Pena-Website-Logo.png","width":1199,"height":800,"caption":"Palacio da Pena Tickets"},"image":{"@id":"https:\/\/palaciodapena-sintra.com\/#\/schema\/logo\/image\/"}}]}},"_links":{"self":[{"href":"https:\/\/palaciodapena-sintra.com\/pt\/wp-json\/wp\/v2\/pages\/1876","targetHints":{"allow":["GET"]}}],"collection":[{"href":"https:\/\/palaciodapena-sintra.com\/pt\/wp-json\/wp\/v2\/pages"}],"about":[{"href":"https:\/\/palaciodapena-sintra.com\/pt\/wp-json\/wp\/v2\/types\/page"}],"author":[{"embeddable":true,"href":"https:\/\/palaciodapena-sintra.com\/pt\/wp-json\/wp\/v2\/users\/1"}],"replies":[{"embeddable":true,"href":"https:\/\/palaciodapena-sintra.com\/pt\/wp-json\/wp\/v2\/comments?post=1876"}],"version-history":[{"count":0,"href":"https:\/\/palaciodapena-sintra.com\/pt\/wp-json\/wp\/v2\/pages\/1876\/revisions"}],"wp:featuredmedia":[{"embeddable":true,"href":"https:\/\/palaciodapena-sintra.com\/pt\/wp-json\/wp\/v2\/media\/1312"}],"wp:attachment":[{"href":"https:\/\/palaciodapena-sintra.com\/pt\/wp-json\/wp\/v2\/media?parent=1876"}],"curies":[{"name":"wp","href":"https:\/\/api.w.org\/{rel}","templated":true}]}}