{"id":1876,"date":"2023-11-17T09:41:18","date_gmt":"2023-11-17T09:41:18","guid":{"rendered":"https:\/\/palaciodapena-sintra.com\/?page_id=1876"},"modified":"2024-04-08T16:33:28","modified_gmt":"2024-04-08T15:33:28","slug":"billets-de-groupe","status":"publish","type":"page","link":"https:\/\/palaciodapena-sintra.com\/fr\/group-tickets\/","title":{"rendered":"Billets de groupe"},"content":{"rendered":"<div data-elementor-type=\"wp-page\" data-elementor-id=\"1876\" class=\"elementor elementor-1876\">\n\t\t\t\t\t\t<section class=\"elementor-section elementor-top-section elementor-element elementor-element-538e9882 elementor-hidden-desktop elementor-section-boxed elementor-section-height-default elementor-section-height-default\" data-id=\"538e9882\" data-element_type=\"section\" data-e-type=\"section\">\n\t\t\t\t\t\t<div class=\"elementor-container elementor-column-gap-default\">\n\t\t\t\t\t<div class=\"elementor-column elementor-col-100 elementor-top-column elementor-element elementor-element-11dd80e5\" data-id=\"11dd80e5\" data-element_type=\"column\" data-e-type=\"column\">\n\t\t\t<div class=\"elementor-widget-wrap elementor-element-populated\">\n\t\t\t\t\t\t<div class=\"elementor-element elementor-element-6c238e6c elementor-widget elementor-widget-spacer\" data-id=\"6c238e6c\" data-element_type=\"widget\" data-e-type=\"widget\" data-widget_type=\"spacer.default\">\n\t\t\t\t<div class=\"elementor-widget-container\">\n\t\t\t\t\t\t\t<div class=\"elementor-spacer\">\n\t\t\t<div class=\"elementor-spacer-inner\"><\/div>\n\t\t<\/div>\n\t\t\t\t\t\t<\/div>\n\t\t\t\t<\/div>\n\t\t\t\t\t<\/div>\n\t\t<\/div>\n\t\t\t\t\t<\/div>\n\t\t<\/section>\n\t\t\t\t<section class=\"elementor-section elementor-top-section elementor-element elementor-element-6c37cd67 elementor-section-full_width elementor-section-height-default elementor-section-height-default\" data-id=\"6c37cd67\" data-element_type=\"section\" data-e-type=\"section\" data-settings=\"{&quot;background_background&quot;:&quot;classic&quot;}\">\n\t\t\t\t\t\t<div class=\"elementor-container elementor-column-gap-default\">\n\t\t\t\t\t<div class=\"elementor-column elementor-col-100 elementor-top-column elementor-element elementor-element-73235783\" data-id=\"73235783\" data-element_type=\"column\" data-e-type=\"column\">\n\t\t\t<div class=\"elementor-widget-wrap elementor-element-populated\">\n\t\t\t\t\t\t<div class=\"elementor-element elementor-element-368ad4aa elementor-widget elementor-widget-heading\" data-id=\"368ad4aa\" data-element_type=\"widget\" data-e-type=\"widget\" data-widget_type=\"heading.default\">\n\t\t\t\t<div class=\"elementor-widget-container\">\n\t\t\t\t\t<h2 class=\"elementor-heading-title elementor-size-default\">Billets de groupe<\/h2>\t\t\t\t<\/div>\n\t\t\t\t<\/div>\n\t\t\t\t\t<\/div>\n\t\t<\/div>\n\t\t\t\t\t<\/div>\n\t\t<\/section>\n\t\t\t\t<section class=\"elementor-section elementor-top-section elementor-element elementor-element-71606f23 elementor-section-boxed elementor-section-height-default elementor-section-height-default\" data-id=\"71606f23\" data-element_type=\"section\" data-e-type=\"section\">\n\t\t\t\t\t\t<div class=\"elementor-container elementor-column-gap-default\">\n\t\t\t\t\t<div class=\"elementor-column elementor-col-100 elementor-top-column elementor-element elementor-element-4ea9b4d5\" data-id=\"4ea9b4d5\" data-element_type=\"column\" data-e-type=\"column\">\n\t\t\t<div class=\"elementor-widget-wrap elementor-element-populated\">\n\t\t\t\t\t\t<div class=\"elementor-element elementor-element-17d3d30e elementor-hidden-tablet elementor-hidden-mobile elementor-widget elementor-widget-spacer\" data-id=\"17d3d30e\" data-element_type=\"widget\" data-e-type=\"widget\" data-widget_type=\"spacer.default\">\n\t\t\t\t<div class=\"elementor-widget-container\">\n\t\t\t\t\t\t\t<div class=\"elementor-spacer\">\n\t\t\t<div class=\"elementor-spacer-inner\"><\/div>\n\t\t<\/div>\n\t\t\t\t\t\t<\/div>\n\t\t\t\t<\/div>\n\t\t\t\t\t<\/div>\n\t\t<\/div>\n\t\t\t\t\t<\/div>\n\t\t<\/section>\n\t\t\t\t<section class=\"elementor-section elementor-top-section elementor-element elementor-element-79601581 elementor-section-boxed elementor-section-height-default elementor-section-height-default\" data-id=\"79601581\" data-element_type=\"section\" data-e-type=\"section\">\n\t\t\t\t\t\t<div class=\"elementor-container elementor-column-gap-default\">\n\t\t\t\t\t<div class=\"elementor-column elementor-col-100 elementor-top-column elementor-element elementor-element-2159e460\" data-id=\"2159e460\" data-element_type=\"column\" data-e-type=\"column\">\n\t\t\t<div class=\"elementor-widget-wrap elementor-element-populated\">\n\t\t\t\t\t\t<section class=\"elementor-section elementor-inner-section elementor-element elementor-element-777b710f elementor-section-boxed elementor-section-height-default elementor-section-height-default\" data-id=\"777b710f\" data-element_type=\"section\" data-e-type=\"section\">\n\t\t\t\t\t\t<div class=\"elementor-container elementor-column-gap-custom\">\n\t\t\t\t\t<div class=\"elementor-column elementor-col-50 elementor-inner-column elementor-element elementor-element-187840a0\" data-id=\"187840a0\" data-element_type=\"column\" data-e-type=\"column\">\n\t\t\t<div class=\"elementor-widget-wrap elementor-element-populated\">\n\t\t\t\t\t\t<div class=\"elementor-element elementor-element-60fae689 elementor-widget elementor-widget-text-editor\" data-id=\"60fae689\" data-element_type=\"widget\" data-e-type=\"widget\" data-widget_type=\"text-editor.default\">\n\t\t\t\t<div class=\"elementor-widget-container\">\n\t\t\t\t\t\t\t\t\t<ul>\n<li>\u00cates-vous une \u00e9quipe, <strong>groupe scolaire<\/strong>, en <strong>voyage d'affaires<\/strong>, ou tout autre type de groupe?\n<\/li>\n<li>Besoin de billets pour <strong>plus de 18 personnes<\/strong>?\n<\/li>\n<li>Je veux m'assurer que&nbsp;<strong>tout le groupe peut faire la visite le m\u00eame jour et \u00e0 la m\u00eame heure<\/strong>?<\/li>\n<\/ul>\t\t\t\t\t\t\t\t<\/div>\n\t\t\t\t<\/div>\n\t\t\t\t\t<\/div>\n\t\t<\/div>\n\t\t\t\t<div class=\"elementor-column elementor-col-50 elementor-inner-column elementor-element elementor-element-7d7962ea\" data-id=\"7d7962ea\" data-element_type=\"column\" data-e-type=\"column\">\n\t\t\t<div class=\"elementor-widget-wrap elementor-element-populated\">\n\t\t\t\t\t\t<div class=\"elementor-element elementor-element-1560c752 elementor-align-center elementor-widget elementor-widget-button\" data-id=\"1560c752\" data-element_type=\"widget\" data-e-type=\"widget\" data-widget_type=\"button.default\">\n\t\t\t\t<div class=\"elementor-widget-container\">\n\t\t\t\t\t\t\t\t\t<div class=\"elementor-button-wrapper\">\n\t\t\t\t\t<a class=\"elementor-button elementor-button-link elementor-size-xs\" href=\"https:\/\/groupsightseeing.com\/fr\/sintra\/billets-pour-parc-et-palais-national-de-pena-a-sintra-p975019?p=palaciodapenagroup\" target=\"_blank\">\n\t\t\t\t\t\t<span class=\"elementor-button-content-wrapper\">\n\t\t\t\t\t\t<span class=\"elementor-button-icon\">\n\t\t\t\t<i aria-hidden=\"true\" class=\"fas fa-shopping-cart\"><\/i>\t\t\t<\/span>\n\t\t\t\t\t\t\t\t\t<span class=\"elementor-button-text\">Faites votre demande de groupe ici !<\/span>\n\t\t\t\t\t<\/span>\n\t\t\t\t\t<\/a>\n\t\t\t\t<\/div>\n\t\t\t\t\t\t\t\t<\/div>\n\t\t\t\t<\/div>\n\t\t\t\t\t<\/div>\n\t\t<\/div>\n\t\t\t\t\t<\/div>\n\t\t<\/section>\n\t\t\t\t\t<\/div>\n\t\t<\/div>\n\t\t\t\t\t<\/div>\n\t\t<\/section>\n\t\t\t\t<section class=\"elementor-section elementor-top-section elementor-element elementor-element-547fa0be elementor-section-boxed elementor-section-height-default elementor-section-height-default\" data-id=\"547fa0be\" data-element_type=\"section\" data-e-type=\"section\">\n\t\t\t\t\t\t<div class=\"elementor-container elementor-column-gap-default\">\n\t\t\t\t\t<div class=\"elementor-column elementor-col-100 elementor-top-column elementor-element elementor-element-17558daf\" data-id=\"17558daf\" data-element_type=\"column\" data-e-type=\"column\">\n\t\t\t<div class=\"elementor-widget-wrap elementor-element-populated\">\n\t\t\t\t\t\t<div class=\"elementor-element elementor-element-5ff73943 elementor-widget elementor-widget-image\" data-id=\"5ff73943\" data-element_type=\"widget\" data-e-type=\"widget\" data-widget_type=\"image.default\">\n\t\t\t\t<div class=\"elementor-widget-container\">\n\t\t\t\t\t\t\t\t\t\t\t\t\t\t\t<img fetchpriority=\"high\" decoding=\"async\" width=\"750\" height=\"422\" src=\"https:\/\/palaciodapena-sintra.com\/wp-content\/uploads\/2023\/05\/Park-and-Pena-Palace-768x432.png\" class=\"attachment-medium_large size-medium_large wp-image-1312\" alt=\"Billets de groupe pour le parc et le palais de Pena\" srcset=\"https:\/\/palaciodapena-sintra.com\/wp-content\/uploads\/2023\/05\/Park-and-Pena-Palace-768x432.png 768w, https:\/\/palaciodapena-sintra.com\/wp-content\/uploads\/2023\/05\/Park-and-Pena-Palace-300x169.png 300w, https:\/\/palaciodapena-sintra.com\/wp-content\/uploads\/2023\/05\/Park-and-Pena-Palace-1024x576.png 1024w, https:\/\/palaciodapena-sintra.com\/wp-content\/uploads\/2023\/05\/Park-and-Pena-Palace-18x10.png 18w, https:\/\/palaciodapena-sintra.com\/wp-content\/uploads\/2023\/05\/Park-and-Pena-Palace.png 1366w\" sizes=\"(max-width: 750px) 100vw, 750px\" \/>\t\t\t\t\t\t\t\t\t\t\t\t\t\t\t<\/div>\n\t\t\t\t<\/div>\n\t\t\t\t<div class=\"elementor-element elementor-element-632a4aef elementor-widget elementor-widget-spacer\" data-id=\"632a4aef\" data-element_type=\"widget\" data-e-type=\"widget\" data-widget_type=\"spacer.default\">\n\t\t\t\t<div class=\"elementor-widget-container\">\n\t\t\t\t\t\t\t<div class=\"elementor-spacer\">\n\t\t\t<div class=\"elementor-spacer-inner\"><\/div>\n\t\t<\/div>\n\t\t\t\t\t\t<\/div>\n\t\t\t\t<\/div>\n\t\t\t\t\t<\/div>\n\t\t<\/div>\n\t\t\t\t\t<\/div>\n\t\t<\/section>\n\t\t\t\t<\/div>","protected":false},"excerpt":{"rendered":"<p>Billets de groupe Vous \u00eates une \u00e9quipe, un groupe scolaire, un voyage d'affaires ou tout autre type de groupe ? Vous avez besoin de billets pour plus de 18 personnes ? Vous voulez \u00eatre s\u00fbr que tout le groupe pourra venir le m\u00eame jour et \u00e0 la m\u00eame heure ? Faites votre demande de groupe ici !<\/p>","protected":false},"author":1,"featured_media":1312,"parent":0,"menu_order":0,"comment_status":"closed","ping_status":"closed","template":"page-templates\/template-pagebuilder-full-width.php","meta":{"footnotes":""},"class_list":["post-1876","page","type-page","status-publish","has-post-thumbnail","hentry"],"yoast_head":"<!-- This site is optimized with the Yoast SEO plugin v27.2 - https:\/\/yoast.com\/product\/yoast-seo-wordpress\/ -->\n<title>Group Tickets - Pal\u00e1cio da Pena Sintra<\/title>\n<meta name=\"description\" content=\"Are you a team, school group, or on a business trip and need Park and Pena Palace tickets for everyone? Then get your group tickets here!\" \/>\n<meta name=\"robots\" content=\"index, follow, max-snippet:-1, max-image-preview:large, max-video-preview:-1\" \/>\n<link rel=\"canonical\" href=\"https:\/\/palaciodapena-sintra.com\/fr\/billets-de-groupe\/\" \/>\n<meta property=\"og:locale\" content=\"fr_FR\" \/>\n<meta property=\"og:type\" content=\"article\" \/>\n<meta property=\"og:title\" content=\"Group Tickets - Pal\u00e1cio da Pena Sintra\" \/>\n<meta property=\"og:description\" content=\"Are you a team, school group, or on a business trip and need Park and Pena Palace tickets for everyone? Then get your group tickets here!\" \/>\n<meta property=\"og:url\" content=\"https:\/\/palaciodapena-sintra.com\/fr\/billets-de-groupe\/\" \/>\n<meta property=\"og:site_name\" content=\"Pal\u00e1cio da Pena Sintra\" \/>\n<meta property=\"article:modified_time\" content=\"2024-04-08T15:33:28+00:00\" \/>\n<meta property=\"og:image\" content=\"https:\/\/palaciodapena-sintra.com\/wp-content\/uploads\/2023\/05\/Park-and-Pena-Palace-1024x576.png\" \/>\n\t<meta property=\"og:image:width\" content=\"1024\" \/>\n\t<meta property=\"og:image:height\" content=\"576\" \/>\n\t<meta property=\"og:image:type\" content=\"image\/png\" \/>\n<meta name=\"twitter:card\" content=\"summary_large_image\" \/>\n<meta name=\"twitter:label1\" content=\"Dur\u00e9e de lecture estim\u00e9e\" \/>\n\t<meta name=\"twitter:data1\" content=\"1 minute\" \/>\n<script type=\"application\/ld+json\" class=\"yoast-schema-graph\">{\"@context\":\"https:\/\/schema.org\",\"@graph\":[{\"@type\":\"WebPage\",\"@id\":\"https:\/\/palaciodapena-sintra.com\/group-tickets\/\",\"url\":\"https:\/\/palaciodapena-sintra.com\/group-tickets\/\",\"name\":\"Group Tickets - Pal\u00e1cio da Pena Sintra\",\"isPartOf\":{\"@id\":\"https:\/\/palaciodapena-sintra.com\/#website\"},\"primaryImageOfPage\":{\"@id\":\"https:\/\/palaciodapena-sintra.com\/group-tickets\/#primaryimage\"},\"image\":{\"@id\":\"https:\/\/palaciodapena-sintra.com\/group-tickets\/#primaryimage\"},\"thumbnailUrl\":\"https:\/\/palaciodapena-sintra.com\/wp-content\/uploads\/2023\/05\/Park-and-Pena-Palace.png\",\"datePublished\":\"2023-11-17T09:41:18+00:00\",\"dateModified\":\"2024-04-08T15:33:28+00:00\",\"description\":\"Are you a team, school group, or on a business trip and need Park and Pena Palace tickets for everyone? Then get your group tickets here!\",\"breadcrumb\":{\"@id\":\"https:\/\/palaciodapena-sintra.com\/group-tickets\/#breadcrumb\"},\"inLanguage\":\"fr-FR\",\"potentialAction\":[{\"@type\":\"ReadAction\",\"target\":[\"https:\/\/palaciodapena-sintra.com\/group-tickets\/\"]}]},{\"@type\":\"ImageObject\",\"inLanguage\":\"fr-FR\",\"@id\":\"https:\/\/palaciodapena-sintra.com\/group-tickets\/#primaryimage\",\"url\":\"https:\/\/palaciodapena-sintra.com\/wp-content\/uploads\/2023\/05\/Park-and-Pena-Palace.png\",\"contentUrl\":\"https:\/\/palaciodapena-sintra.com\/wp-content\/uploads\/2023\/05\/Park-and-Pena-Palace.png\",\"width\":1366,\"height\":768,\"caption\":\"Park and Pena Palace Group Tickets\"},{\"@type\":\"BreadcrumbList\",\"@id\":\"https:\/\/palaciodapena-sintra.com\/group-tickets\/#breadcrumb\",\"itemListElement\":[{\"@type\":\"ListItem\",\"position\":1,\"name\":\"Home\",\"item\":\"https:\/\/palaciodapena-sintra.com\/\"},{\"@type\":\"ListItem\",\"position\":2,\"name\":\"Group Tickets\"}]},{\"@type\":\"WebSite\",\"@id\":\"https:\/\/palaciodapena-sintra.com\/#website\",\"url\":\"https:\/\/palaciodapena-sintra.com\/\",\"name\":\"Pal\u00e1cio da Pena Sintra\",\"description\":\"\",\"publisher\":{\"@id\":\"https:\/\/palaciodapena-sintra.com\/#organization\"},\"potentialAction\":[{\"@type\":\"SearchAction\",\"target\":{\"@type\":\"EntryPoint\",\"urlTemplate\":\"https:\/\/palaciodapena-sintra.com\/?s={search_term_string}\"},\"query-input\":{\"@type\":\"PropertyValueSpecification\",\"valueRequired\":true,\"valueName\":\"search_term_string\"}}],\"inLanguage\":\"fr-FR\"},{\"@type\":\"Organization\",\"@id\":\"https:\/\/palaciodapena-sintra.com\/#organization\",\"name\":\"Palacio da Pena Tickets\",\"url\":\"https:\/\/palaciodapena-sintra.com\/\",\"logo\":{\"@type\":\"ImageObject\",\"inLanguage\":\"fr-FR\",\"@id\":\"https:\/\/palaciodapena-sintra.com\/#\/schema\/logo\/image\/\",\"url\":\"https:\/\/palaciodapena-sintra.com\/wp-content\/uploads\/2024\/07\/cropped-Palacio-da-Pena-Website-Logo.png\",\"contentUrl\":\"https:\/\/palaciodapena-sintra.com\/wp-content\/uploads\/2024\/07\/cropped-Palacio-da-Pena-Website-Logo.png\",\"width\":1199,\"height\":800,\"caption\":\"Palacio da Pena Tickets\"},\"image\":{\"@id\":\"https:\/\/palaciodapena-sintra.com\/#\/schema\/logo\/image\/\"}}]}<\/script>\n<!-- \/ Yoast SEO plugin. -->","yoast_head_json":{"title":"Billets de groupe - Pal\u00e1cio da Pena Sintra","description":"Vous \u00eates une \u00e9quipe, un groupe scolaire ou en voyage d&#039;affaires et vous avez besoin de billets pour le parc et le palais de Pena pour tout le monde ? Alors, procurez-vous vos billets de groupe ici !","robots":{"index":"index","follow":"follow","max-snippet":"max-snippet:-1","max-image-preview":"max-image-preview:large","max-video-preview":"max-video-preview:-1"},"canonical":"https:\/\/palaciodapena-sintra.com\/fr\/billets-de-groupe\/","og_locale":"fr_FR","og_type":"article","og_title":"Group Tickets - Pal\u00e1cio da Pena Sintra","og_description":"Are you a team, school group, or on a business trip and need Park and Pena Palace tickets for everyone? Then get your group tickets here!","og_url":"https:\/\/palaciodapena-sintra.com\/fr\/billets-de-groupe\/","og_site_name":"Pal\u00e1cio da Pena Sintra","article_modified_time":"2024-04-08T15:33:28+00:00","og_image":[{"width":1024,"height":576,"url":"https:\/\/palaciodapena-sintra.com\/wp-content\/uploads\/2023\/05\/Park-and-Pena-Palace-1024x576.png","type":"image\/png"}],"twitter_card":"summary_large_image","twitter_misc":{"Dur\u00e9e de lecture estim\u00e9e":"1 minute"},"schema":{"@context":"https:\/\/schema.org","@graph":[{"@type":"WebPage","@id":"https:\/\/palaciodapena-sintra.com\/group-tickets\/","url":"https:\/\/palaciodapena-sintra.com\/group-tickets\/","name":"Billets de groupe - Pal\u00e1cio da Pena Sintra","isPartOf":{"@id":"https:\/\/palaciodapena-sintra.com\/#website"},"primaryImageOfPage":{"@id":"https:\/\/palaciodapena-sintra.com\/group-tickets\/#primaryimage"},"image":{"@id":"https:\/\/palaciodapena-sintra.com\/group-tickets\/#primaryimage"},"thumbnailUrl":"https:\/\/palaciodapena-sintra.com\/wp-content\/uploads\/2023\/05\/Park-and-Pena-Palace.png","datePublished":"2023-11-17T09:41:18+00:00","dateModified":"2024-04-08T15:33:28+00:00","description":"Vous \u00eates une \u00e9quipe, un groupe scolaire ou en voyage d&#039;affaires et vous avez besoin de billets pour le parc et le palais de Pena pour tout le monde ? Alors, procurez-vous vos billets de groupe ici !","breadcrumb":{"@id":"https:\/\/palaciodapena-sintra.com\/group-tickets\/#breadcrumb"},"inLanguage":"fr-FR","potentialAction":[{"@type":"ReadAction","target":["https:\/\/palaciodapena-sintra.com\/group-tickets\/"]}]},{"@type":"ImageObject","inLanguage":"fr-FR","@id":"https:\/\/palaciodapena-sintra.com\/group-tickets\/#primaryimage","url":"https:\/\/palaciodapena-sintra.com\/wp-content\/uploads\/2023\/05\/Park-and-Pena-Palace.png","contentUrl":"https:\/\/palaciodapena-sintra.com\/wp-content\/uploads\/2023\/05\/Park-and-Pena-Palace.png","width":1366,"height":768,"caption":"Park and Pena Palace Group Tickets"},{"@type":"BreadcrumbList","@id":"https:\/\/palaciodapena-sintra.com\/group-tickets\/#breadcrumb","itemListElement":[{"@type":"ListItem","position":1,"name":"Home","item":"https:\/\/palaciodapena-sintra.com\/"},{"@type":"ListItem","position":2,"name":"Group Tickets"}]},{"@type":"WebSite","@id":"https:\/\/palaciodapena-sintra.com\/#website","url":"https:\/\/palaciodapena-sintra.com\/","name":"Palais de Pena Sintra","description":"","publisher":{"@id":"https:\/\/palaciodapena-sintra.com\/#organization"},"potentialAction":[{"@type":"SearchAction","target":{"@type":"EntryPoint","urlTemplate":"https:\/\/palaciodapena-sintra.com\/?s={search_term_string}"},"query-input":{"@type":"PropertyValueSpecification","valueRequired":true,"valueName":"search_term_string"}}],"inLanguage":"fr-FR"},{"@type":"Organization","@id":"https:\/\/palaciodapena-sintra.com\/#organization","name":"Billets pour le Palais de Pena","url":"https:\/\/palaciodapena-sintra.com\/","logo":{"@type":"ImageObject","inLanguage":"fr-FR","@id":"https:\/\/palaciodapena-sintra.com\/#\/schema\/logo\/image\/","url":"https:\/\/palaciodapena-sintra.com\/wp-content\/uploads\/2024\/07\/cropped-Palacio-da-Pena-Website-Logo.png","contentUrl":"https:\/\/palaciodapena-sintra.com\/wp-content\/uploads\/2024\/07\/cropped-Palacio-da-Pena-Website-Logo.png","width":1199,"height":800,"caption":"Palacio da Pena Tickets"},"image":{"@id":"https:\/\/palaciodapena-sintra.com\/#\/schema\/logo\/image\/"}}]}},"_links":{"self":[{"href":"https:\/\/palaciodapena-sintra.com\/fr\/wp-json\/wp\/v2\/pages\/1876","targetHints":{"allow":["GET"]}}],"collection":[{"href":"https:\/\/palaciodapena-sintra.com\/fr\/wp-json\/wp\/v2\/pages"}],"about":[{"href":"https:\/\/palaciodapena-sintra.com\/fr\/wp-json\/wp\/v2\/types\/page"}],"author":[{"embeddable":true,"href":"https:\/\/palaciodapena-sintra.com\/fr\/wp-json\/wp\/v2\/users\/1"}],"replies":[{"embeddable":true,"href":"https:\/\/palaciodapena-sintra.com\/fr\/wp-json\/wp\/v2\/comments?post=1876"}],"version-history":[{"count":0,"href":"https:\/\/palaciodapena-sintra.com\/fr\/wp-json\/wp\/v2\/pages\/1876\/revisions"}],"wp:featuredmedia":[{"embeddable":true,"href":"https:\/\/palaciodapena-sintra.com\/fr\/wp-json\/wp\/v2\/media\/1312"}],"wp:attachment":[{"href":"https:\/\/palaciodapena-sintra.com\/fr\/wp-json\/wp\/v2\/media?parent=1876"}],"curies":[{"name":"wp","href":"https:\/\/api.w.org\/{rel}","templated":true}]}}